{"id":244664,"date":"2025-04-29T08:29:15","date_gmt":"2025-04-29T08:29:15","guid":{"rendered":"https:\/\/web5.grupolanao.com\/?page_id=244664"},"modified":"2025-11-03T12:40:29","modified_gmt":"2025-11-03T10:40:29","slug":"contacto","status":"publish","type":"page","link":"https:\/\/web5.grupolanao.com\/?page_id=244664","title":{"rendered":"contacto"},"content":{"rendered":"<p>[et_pb_section fb_built=\u00bb1&#8243; disabled_on=\u00bbon|on|off\u00bb admin_label=\u00bbSection (menu)\u00bb _builder_version=\u00bb4.27.4&#8243; _module_preset=\u00bbdefault\u00bb background_color=\u00bb#0c5a9d\u00bb z_index=\u00bb500&#8243; position_origin_a_tablet=\u00bb\u00bb position_origin_a_phone=\u00bb\u00bb position_origin_a_last_edited=\u00bbon|desktop\u00bb position_origin_f_tablet=\u00bb\u00bb position_origin_f_phone=\u00bb\u00bb position_origin_f_last_edited=\u00bbon|desktop\u00bb position_origin_r_tablet=\u00bb\u00bb position_origin_r_phone=\u00bb\u00bb position_origin_r_last_edited=\u00bbon|desktop\u00bb width=\u00bb100%\u00bb max_width=\u00bb100%\u00bb module_alignment=\u00bbcenter\u00bb overflow-x=\u00bbvisible\u00bb overflow-y=\u00bbvisible\u00bb custom_padding=\u00bb0px||0px||false|false\u00bb sticky_position=\u00bbtop_bottom\u00bb positioning_tablet=\u00bbabsolute\u00bb positioning_phone=\u00bb\u00bb positioning_last_edited=\u00bbon|desktop\u00bb sticky_position_tablet=\u00bbtop\u00bb sticky_position_phone=\u00bb\u00bb sticky_position_last_edited=\u00bbon|tablet\u00bb da_disable_devices=\u00bboff|off|off\u00bb global_module=\u00bb244302&#8243; global_colors_info=\u00bb{}\u00bb da_is_popup=\u00bboff\u00bb da_exit_intent=\u00bboff\u00bb da_has_close=\u00bbon\u00bb da_alt_close=\u00bboff\u00bb da_dark_close=\u00bboff\u00bb da_not_modal=\u00bbon\u00bb da_is_singular=\u00bboff\u00bb da_with_loader=\u00bboff\u00bb da_has_shadow=\u00bbon\u00bb][et_pb_row column_structure=\u00bb1_5,3_5,1_5&#8243; use_custom_gutter=\u00bbon\u00bb _builder_version=\u00bb4.27.4&#8243; _module_preset=\u00bbdefault\u00bb width=\u00bb100%\u00bb width_tablet=\u00bb100%\u00bb width_phone=\u00bb100%\u00bb width_last_edited=\u00bbon|phone\u00bb max_width=\u00bb95%\u00bb custom_padding=\u00bb0%||0%||true|false\u00bb global_colors_info=\u00bb{}\u00bb][et_pb_column type=\u00bb1_5&#8243; admin_label=\u00bbimagotipo\u00bb _builder_version=\u00bb4.27.4&#8243; _module_preset=\u00bbdefault\u00bb background_enable_color=\u00bboff\u00bb global_colors_info=\u00bb{}\u00bb][et_pb_image src=\u00bbhttps:\/\/web5.grupolanao.com\/wp-content\/uploads\/2025\/04\/imagotipo-web_alt-color.png\u00bb alt=\u00bbLogotipo Inrevalle<br \/>\nIr a inicio \u2014 Inrevalle\u00bb title_text=\u00bbimagotipo-web_alt-color\u00bb url=\u00bb\/\u00bb align=\u00bbcenter\u00bb _builder_version=\u00bb4.27.4&#8243; _module_preset=\u00bbdefault\u00bb background_enable_color=\u00bboff\u00bb custom_margin=\u00bb10px||10px||true|false\u00bb global_colors_info=\u00bb{}\u00bb][\/et_pb_image][\/et_pb_column][et_pb_column type=\u00bb3_5&#8243; admin_label=\u00bbmen\u00fa\u00bb _builder_version=\u00bb4.27.4&#8243; _module_preset=\u00bbdefault\u00bb global_colors_info=\u00bb{}\u00bb][et_pb_menu menu_id=\u00bb3&#8243; menu_style=\u00bbcentered\u00bb active_link_color=\u00bb#FFFFFF\u00bb dropdown_menu_line_color=\u00bb#E19DFF\u00bb mobile_menu_text_color=\u00bb#302EA7&#8243; logo_url=\u00bb\/\u00bb cart_icon_color=\u00bb#FFFFFF\u00bb search_icon_color=\u00bb#FFFFFF\u00bb menu_icon_color=\u00bb#FFFFFF\u00bb _builder_version=\u00bb4.27.4&#8243; _module_preset=\u00bbdefault\u00bb menu_font=\u00bb|||on|||||\u00bb menu_text_color=\u00bb#FFFFFF\u00bb menu_font_size=\u00bb18px\u00bb menu_line_height=\u00bb1.3em\u00bb background_enable_color=\u00bboff\u00bb custom_margin=\u00bb||||false|false\u00bb custom_padding=\u00bb2%||1%||false|false\u00bb global_colors_info=\u00bb{}\u00bb][\/et_pb_menu][\/et_pb_column][et_pb_column type=\u00bb1_5&#8243; admin_label=\u00bbmen\u00fa\u00bb _builder_version=\u00bb4.27.4&#8243; _module_preset=\u00bbdefault\u00bb global_colors_info=\u00bb{}\u00bb][\/et_pb_column][\/et_pb_row][\/et_pb_section][et_pb_section fb_built=\u00bb1&#8243; admin_label=\u00bbContact\u00bb _builder_version=\u00bb4.27.4&#8243; _module_preset=\u00bb_initial\u00bb background_enable_color=\u00bboff\u00bb width=\u00bb100%\u00bb max_width=\u00bb80%\u00bb module_alignment=\u00bbcenter\u00bb da_disable_devices=\u00bboff|off|off\u00bb locked=\u00bboff\u00bb global_colors_info=\u00bb{%22gcid-b6c4f12c-f25d-4f61-9fb1-6e96404634cd%22:%91%22background_color%22%93}\u00bb da_is_popup=\u00bboff\u00bb da_exit_intent=\u00bboff\u00bb da_has_close=\u00bbon\u00bb da_alt_close=\u00bboff\u00bb da_dark_close=\u00bboff\u00bb da_not_modal=\u00bbon\u00bb da_is_singular=\u00bboff\u00bb da_with_loader=\u00bboff\u00bb da_has_shadow=\u00bbon\u00bb][et_pb_row use_custom_gutter=\u00bbon\u00bb gutter_width=\u00bb2&#8243; make_equal=\u00bbon\u00bb _builder_version=\u00bb4.27.4&#8243; _module_preset=\u00bbdefault\u00bb z_index=\u00bb500&#8243; width=\u00bb100%\u00bb max_width=\u00bb80%\u00bb max_width_tablet=\u00bb100%\u00bb max_width_phone=\u00bb100%\u00bb max_width_last_edited=\u00bbon|phone\u00bb module_alignment=\u00bbcenter\u00bb custom_margin=\u00bb||||false|false\u00bb custom_margin_tablet=\u00bb||||false|false\u00bb custom_margin_phone=\u00bb|||||false\u00bb custom_margin_last_edited=\u00bboff|desktop\u00bb custom_padding=\u00bb||||false|false\u00bb locked=\u00bboff\u00bb global_colors_info=\u00bb{}\u00bb][et_pb_column type=\u00bb4_4&#8243; admin_label=\u00bbtexto\u00bb _builder_version=\u00bb4.27.4&#8243; _module_preset=\u00bbdefault\u00bb position_origin_r=\u00bbbottom_left\u00bb z_index=\u00bb0&#8243; global_colors_info=\u00bb{}\u00bb][et_pb_text content_last_edited=\u00bboff|phone\u00bb _builder_version=\u00bb4.27.4&#8243; _module_preset=\u00bbdefault\u00bb text_font=\u00bb&#8211;et_global_body_font||||||||\u00bb text_text_color=\u00bb#000000&#8243; text_font_size=\u00bb40px\u00bb header_font=\u00bb&#8211;et_global_heading_font|900|||||||\u00bb header_text_color=\u00bb#000000&#8243; header_line_height=\u00bb1.3em\u00bb background_enable_color=\u00bboff\u00bb text_orientation=\u00bbcenter\u00bb width=\u00bb100%\u00bb max_width=\u00bb90%\u00bb module_alignment=\u00bbcenter\u00bb custom_padding=\u00bb||||false|false\u00bb custom_padding_last_edited=\u00bboff|desktop\u00bb text_font_size_tablet=\u00bb30px\u00bb text_font_size_phone=\u00bb18px\u00bb text_font_size_last_edited=\u00bbon|phone\u00bb locked=\u00bboff\u00bb global_colors_info=\u00bb{}\u00bb]<\/p>\n<h1>Contacto para Instalaciones El\u00e9ctricas<\/h1>\n<p>[\/et_pb_text][et_pb_text content_last_edited=\u00bboff|phone\u00bb _builder_version=\u00bb4.27.4&#8243; _module_preset=\u00bbdefault\u00bb text_font=\u00bb&#8211;et_global_body_font||||||||\u00bb text_text_color=\u00bb#000000&#8243; text_font_size=\u00bb40px\u00bb header_font=\u00bb&#8211;et_global_heading_font|900|||||||\u00bb header_text_color=\u00bb#000000&#8243; header_line_height=\u00bb1.3em\u00bb header_2_font=\u00bb&#8211;et_global_heading_font|800|||||||\u00bb header_2_text_color=\u00bb#000000&#8243; header_2_line_height=\u00bb1.3em\u00bb background_enable_color=\u00bboff\u00bb text_orientation=\u00bbcenter\u00bb width=\u00bb100%\u00bb max_width=\u00bb90%\u00bb module_alignment=\u00bbcenter\u00bb custom_padding=\u00bb||||false|false\u00bb custom_padding_last_edited=\u00bboff|desktop\u00bb text_font_size_tablet=\u00bb30px\u00bb text_font_size_phone=\u00bb18px\u00bb text_font_size_last_edited=\u00bbon|phone\u00bb locked=\u00bboff\u00bb global_colors_info=\u00bb{}\u00bb]<\/p>\n<h2>Atenderemos tus servicios en Instalaciones El\u00e9ctricas<\/h2>\n<p>[\/et_pb_text][\/et_pb_column][\/et_pb_row][et_pb_row column_structure=\u00bb1_2,1_2&#8243; use_custom_gutter=\u00bbon\u00bb gutter_width=\u00bb2&#8243; make_equal=\u00bbon\u00bb _builder_version=\u00bb4.27.4&#8243; _module_preset=\u00bb_initial\u00bb width=\u00bb100%\u00bb max_width=\u00bb80%\u00bb global_colors_info=\u00bb{}\u00bb][et_pb_column type=\u00bb1_2&#8243; _builder_version=\u00bb4.25.2&#8243; _module_preset=\u00bb_initial\u00bb global_colors_info=\u00bb{}\u00bb][et_pb_blurb url=\u00bbhttps:\/\/www.google.com\/maps\/place\/INREVALLE,+S.L.\/@38.3774931,-4.8587769,17z\/data=!3m1!4b1!4m6!3m5!1s0xd6cbad64e1e3c9d:0x3af9daedd4bf351f!8m2!3d38.3774889!4d-4.856202!16s%2Fg%2F11btxcc87p?entry=ttu&#038;g_ep=EgoyMDI1MDQyMy4wIKXMDSoASAFQAw%3D%3D\u00bb use_icon=\u00bbon\u00bb font_icon=\u00bb&#xf276;||fa||900&#8243; icon_color=\u00bb#007DC0&#8243; icon_placement=\u00bbleft\u00bb image_icon_width=\u00bb32px\u00bb content_max_width=\u00bb100%\u00bb _builder_version=\u00bb4.27.4&#8243; _module_preset=\u00bb_initial\u00bb header_level=\u00bbh6&#8243; header_font_size=\u00bb23px\u00bb body_font=\u00bb&#8211;et_global_body_font|500|||||||\u00bb body_ul_type=\u00bbnone\u00bb body_ul_item_indent=\u00bb0vw\u00bb body_link_font=\u00bb||||on||||\u00bb body_link_text_color=\u00bb#000000&#8243; body_link_line_height=\u00bb1.3em\u00bb body_ul_font=\u00bbArchivo|600||on|||||\u00bb body_ul_text_color=\u00bb#000000&#8243; body_ul_font_size=\u00bb24px\u00bb body_ul_line_height=\u00bb1.3em\u00bb width=\u00bb100%\u00bb max_width=\u00bb100%\u00bb custom_margin=\u00bb||||false|false\u00bb custom_padding=\u00bb6%||||false|false\u00bb animation=\u00bboff\u00bb link_option_url=\u00bbhttps:\/\/www.google.com\/maps\/place\/INREVALLE,+S.L.\/@38.3774931,-4.8587769,17z\/data=!3m1!4b1!4m6!3m5!1s0xd6cbad64e1e3c9d:0x3af9daedd4bf351f!8m2!3d38.3774889!4d-4.856202!16s%2Fg%2F11btxcc87p?entry=ttu&#038;g_ep=EgoyMDI1MDQyMy4wIKXMDSoASAFQAw%3D%3D\u00bb header_font_size_tablet=\u00bb15px\u00bb header_font_size_phone=\u00bb14px\u00bb header_font_size_last_edited=\u00bbon|phone\u00bb body_ul_font_size_tablet=\u00bb18px\u00bb body_ul_font_size_phone=\u00bb16px\u00bb body_ul_font_size_last_edited=\u00bbon|phone\u00bb border_color_all=\u00bbrgba(0,0,0,0.2)\u00bb border_width_top=\u00bb1px\u00bb global_colors_info=\u00bb{}\u00bb]<\/p>\n<ul>\n<li>Oficina<\/li>\n<\/ul>\n<p><a href=\"https:\/\/www.google.com\/maps\/place\/INREVALLE,+S.L.\/@38.3774931,-4.8587769,17z\/data=!3m1!4b1!4m6!3m5!1s0xd6cbad64e1e3c9d:0x3af9daedd4bf351f!8m2!3d38.3774889!4d-4.856202!16s%2Fg%2F11btxcc87p?entry=ttu&amp;g_ep=EgoyMDI1MDQyMy4wIKXMDSoASAFQAw%3D%3D\" target=\"_blank\" rel=\"noopener\">INREVALLE, S.L., C. Huelva, 30, 14400 Pozoblanco, C\u00f3rdoba<\/a><\/p>\n<p>[\/et_pb_blurb][et_pb_blurb use_icon=\u00bbon\u00bb font_icon=\u00bb&#xf10b;||fa||900&#8243; icon_color=\u00bb#007DC0&#8243; icon_placement=\u00bbleft\u00bb image_icon_width=\u00bb32px\u00bb content_max_width=\u00bb100%\u00bb content_tablet=\u00bb<\/p>\n<ul>\n<li>Contacto<\/li>\n<\/ul>\n<p><span>667 72 66 52<\/span><\/p>\n<p>\u00bb content_phone=\u00bb<\/p>\n<ul>\n<li>Contacto<\/li>\n<\/ul>\n<p><a href=%22tel:+34667726652%22><span>667 72 66 52<\/span><\/a><\/p>\n<p>\u00bb content_last_edited=\u00bbon|phone\u00bb _builder_version=\u00bb4.27.4&#8243; _module_preset=\u00bb_initial\u00bb header_level=\u00bbh6&#8243; header_font_size=\u00bb23px\u00bb body_font=\u00bb&#8211;et_global_body_font|500|||||||\u00bb body_text_color=\u00bb#000000&#8243; body_ul_type=\u00bbnone\u00bb body_ul_item_indent=\u00bb0vw\u00bb body_link_font=\u00bb||||on||||\u00bb body_link_text_color=\u00bb#000000&#8243; body_link_line_height=\u00bb1.3em\u00bb body_ul_font=\u00bbArchivo|600||on|||||\u00bb body_ul_text_color=\u00bb#000000&#8243; body_ul_font_size=\u00bb24px\u00bb body_ul_line_height=\u00bb1.3em\u00bb width=\u00bb100%\u00bb max_width=\u00bb100%\u00bb custom_margin=\u00bb||||false|false\u00bb custom_padding=\u00bb6%||||false|false\u00bb animation=\u00bboff\u00bb header_font_size_tablet=\u00bb15px\u00bb header_font_size_phone=\u00bb14px\u00bb header_font_size_last_edited=\u00bbon|phone\u00bb body_ul_font_size_tablet=\u00bb18px\u00bb body_ul_font_size_phone=\u00bb16px\u00bb body_ul_font_size_last_edited=\u00bbon|phone\u00bb border_color_all=\u00bbrgba(0,0,0,0.2)\u00bb border_width_top=\u00bb1px\u00bb global_colors_info=\u00bb{}\u00bb]<\/p>\n<ul>\n<li>Contacto<\/li>\n<\/ul>\n<p><span>667 72 66 52<\/span><\/p>\n<p>[\/et_pb_blurb][et_pb_blurb use_icon=\u00bbon\u00bb font_icon=\u00bb&#xf658;||fa||900&#8243; icon_color=\u00bb#007DC0&#8243; icon_placement=\u00bbleft\u00bb image_icon_width=\u00bb32px\u00bb content_max_width=\u00bb100%\u00bb _builder_version=\u00bb4.27.4&#8243; _module_preset=\u00bb_initial\u00bb header_level=\u00bbh6&#8243; header_font_size=\u00bb23px\u00bb body_font=\u00bb&#8211;et_global_body_font|500|||||||\u00bb body_text_color=\u00bb#000000&#8243; body_ul_type=\u00bbnone\u00bb body_ul_item_indent=\u00bb0vw\u00bb body_link_font=\u00bb||||on||||\u00bb body_link_text_color=\u00bb#000000&#8243; body_link_line_height=\u00bb1.3em\u00bb body_ul_font=\u00bbArchivo|600||on|||||\u00bb body_ul_text_color=\u00bb#000000&#8243; body_ul_font_size=\u00bb24px\u00bb body_ul_line_height=\u00bb1.3em\u00bb width=\u00bb100%\u00bb max_width=\u00bb100%\u00bb custom_margin=\u00bb||||false|false\u00bb custom_padding=\u00bb6%||||false|false\u00bb animation=\u00bboff\u00bb header_font_size_tablet=\u00bb15px\u00bb header_font_size_phone=\u00bb14px\u00bb header_font_size_last_edited=\u00bbon|phone\u00bb body_ul_font_size_tablet=\u00bb18px\u00bb body_ul_font_size_phone=\u00bb16px\u00bb body_ul_font_size_last_edited=\u00bbon|phone\u00bb border_color_all=\u00bbrgba(0,0,0,0.2)\u00bb border_width_top=\u00bb1px\u00bb global_colors_info=\u00bb{}\u00bb]<\/p>\n<ul>\n<li>Correo<\/li>\n<\/ul>\n<p><a href=\"mailto:inrevalle@inrevalle.es\"><span>inrevalle@inrevalle.es<\/span><\/a><\/p>\n<p>[\/et_pb_blurb][et_pb_blurb use_icon=\u00bbon\u00bb font_icon=\u00bb&#xe06b;||divi||400&#8243; icon_color=\u00bb#007DC0&#8243; icon_placement=\u00bbleft\u00bb image_icon_width=\u00bb32px\u00bb content_max_width=\u00bb100%\u00bb content_tablet=\u00bb<\/p>\n<ul>\n<li>Horario<\/li>\n<\/ul>\n<table border=%221%22 style=%22height: 100%; width: 100%; border-collapse: collapse; border-style: hidden; margin-left: auto; margin-right: auto; float: left;%22>\n<tbody>\n<tr style=%22height: 24px;%22>\n<td style=%22width: 50%; height: 24px; border-style: hidden;%22>lunes<\/td>\n<td style=%22width: 50%; height: 24px; border-style: hidden;%22>16:30\u201319:00<\/td>\n<\/tr>\n<tr style=%22height: 24px;%22>\n<td style=%22width: 50%; height: 24px; border-style: hidden;%22>martes<\/td>\n<td style=%22width: 50%; height: 24px; border-style: hidden;%22>16:30\u201319:00<\/td>\n<\/tr>\n<tr style=%22height: 24px;%22>\n<td style=%22width: 50%; height: 24px; border-style: hidden;%22>mi\u00e9rcoles<\/td>\n<td style=%22width: 50%; height: 24px; border-style: hidden;%22>16:30\u201319:00<\/td>\n<\/tr>\n<tr style=%22height: 24px;%22>\n<td style=%22width: 50%; height: 24px; border-style: hidden;%22>jueves<\/td>\n<td style=%22width: 50%; height: 24px; border-style: hidden;%22>16:30\u201319:00<\/td>\n<\/tr>\n<tr style=%22height: 24px;%22>\n<td style=%22width: 50%; height: 24px; border-style: hidden;%22>viernes<\/td>\n<td style=%22width: 50%; height: 24px; border-style: hidden;%22>16:30\u201319:00<\/td>\n<\/tr>\n<\/tbody>\n<\/table>\n<p>\u00bb content_phone=\u00bb<\/p>\n<ul>\n<li>Horario<\/li>\n<\/ul>\n<p>lunes<br \/>16:30\u201319:00<\/p>\n<p>martes<br \/>16:30\u201319:00<\/p>\n<p>mi\u00e9rcoles<br \/>16:30\u201319:00<\/p>\n<p>jueves<br \/>16:30\u201319:00<\/p>\n<p>viernes<br \/>16:30\u201319:00<\/p>\n<p>\u00bb content_last_edited=\u00bbon|phone\u00bb disabled_on=\u00bboff|off|on\u00bb _builder_version=\u00bb4.27.4&#8243; _module_preset=\u00bb_initial\u00bb header_level=\u00bbh6&#8243; header_font_size=\u00bb23px\u00bb body_font=\u00bb&#8211;et_global_body_font|500|||||||\u00bb body_ul_type=\u00bbnone\u00bb body_ul_item_indent=\u00bb0vw\u00bb body_link_font=\u00bb||||on||||\u00bb body_link_text_color=\u00bb#000000&#8243; body_link_line_height=\u00bb1.3em\u00bb body_ul_font=\u00bbArchivo|600||on|||||\u00bb body_ul_text_color=\u00bb#000000&#8243; body_ul_font_size=\u00bb24px\u00bb body_ul_line_height=\u00bb1.3em\u00bb width=\u00bb100%\u00bb max_width=\u00bb100%\u00bb custom_margin=\u00bb||||false|false\u00bb custom_padding=\u00bb6%||||false|false\u00bb animation=\u00bboff\u00bb hover_enabled=\u00bb0&#8243; header_font_size_tablet=\u00bb15px\u00bb header_font_size_phone=\u00bb14px\u00bb header_font_size_last_edited=\u00bbon|phone\u00bb body_ul_font_size_tablet=\u00bb18px\u00bb body_ul_font_size_phone=\u00bb16px\u00bb body_ul_font_size_last_edited=\u00bbon|phone\u00bb border_color_all=\u00bbrgba(0,0,0,0.2)\u00bb border_width_top=\u00bb1px\u00bb global_colors_info=\u00bb{}\u00bb body_text_color=\u00bb#000000&#8243; sticky_enabled=\u00bb0&#8243;][\/et_pb_blurb][\/et_pb_column][et_pb_column type=\u00bb1_2&#8243; _builder_version=\u00bb4.27.4&#8243; _module_preset=\u00bb_initial\u00bb background_enable_color=\u00bboff\u00bb custom_padding_last_edited=\u00bboff|desktop\u00bb global_colors_info=\u00bb{}\u00bb][et_pb_blurb use_icon=\u00bbon\u00bb font_icon=\u00bb&#xe06b;||divi||400&#8243; icon_color=\u00bb#007DC0&#8243; icon_placement=\u00bbleft\u00bb image_icon_width=\u00bb32px\u00bb content_max_width=\u00bb100%\u00bb disabled_on=\u00bbon|on|off\u00bb admin_label=\u00bbHorario\u00bb _builder_version=\u00bb4.27.4&#8243; _module_preset=\u00bbdb169142-ca38-4d3d-a57b-4d28c4486788&#8243; header_level=\u00bbh6&#8243; header_font_size=\u00bb23px\u00bb body_font=\u00bb&#8211;et_global_body_font|500|||||||\u00bb body_text_color=\u00bb#000000&#8243; body_ul_type=\u00bbnone\u00bb body_ul_item_indent=\u00bb0vw\u00bb body_ul_font=\u00bbArchivo|600||on|||||\u00bb body_ul_text_color=\u00bb#000000&#8243; body_ul_font_size=\u00bb24px\u00bb body_ul_line_height=\u00bb1.3em\u00bb background_enable_color=\u00bboff\u00bb width=\u00bb100%\u00bb max_width=\u00bb100%\u00bb overflow-x=\u00bbhidden\u00bb overflow-y=\u00bbhidden\u00bb custom_margin=\u00bb||||false|false\u00bb custom_padding=\u00bb6%|6%|6%|6%|true|true\u00bb custom_padding_last_edited=\u00bboff|phone\u00bb animation=\u00bboff\u00bb hover_enabled=\u00bb0&#8243; header_font_size_tablet=\u00bb15px\u00bb header_font_size_phone=\u00bb14px\u00bb header_font_size_last_edited=\u00bbon|phone\u00bb body_ul_font_size_tablet=\u00bb18px\u00bb body_ul_font_size_phone=\u00bb16px\u00bb body_ul_font_size_last_edited=\u00bbon|phone\u00bb icon_font_size=\u00bb24px\u00bb icon_font_size_tablet=\u00bb20px\u00bb icon_font_size_phone=\u00bb16px\u00bb icon_font_size_last_edited=\u00bbon|desktop\u00bb use_circle=\u00bboff\u00bb locked=\u00bboff\u00bb global_colors_info=\u00bb{}\u00bb sticky_enabled=\u00bb0&#8243;]<\/p>\n<ul>\n<li>Horario<\/li>\n<\/ul>\n<table border=\"1\" style=\"height: 100%; width: 100%; border-collapse: collapse; border-style: hidden; margin-left: auto; margin-right: auto; float: left;\">\n<tbody>\n<tr style=\"height: 24px;\">\n<td style=\"width: 50%; height: 24px; border-style: hidden;\">lunes<\/td>\n<td style=\"width: 50%; height: 24px; border-style: hidden;\">16:30\u201319:00<\/td>\n<\/tr>\n<tr style=\"height: 24px;\">\n<td style=\"width: 50%; height: 24px; border-style: hidden;\">martes<\/td>\n<td style=\"width: 50%; height: 24px; border-style: hidden;\">16:30\u201319:00<\/td>\n<\/tr>\n<tr style=\"height: 24px;\">\n<td style=\"width: 50%; height: 24px; border-style: hidden;\">mi\u00e9rcoles<\/td>\n<td style=\"width: 50%; height: 24px; border-style: hidden;\">16:30\u201319:00<\/td>\n<\/tr>\n<tr style=\"height: 24px;\">\n<td style=\"width: 50%; height: 24px; border-style: hidden;\">jueves<\/td>\n<td style=\"width: 50%; height: 24px; border-style: hidden;\">16:30\u201319:00<\/td>\n<\/tr>\n<tr style=\"height: 24px;\">\n<td style=\"width: 50%; height: 24px; border-style: hidden;\">viernes<\/td>\n<td style=\"width: 50%; height: 24px; border-style: hidden;\">16:30\u201319:00<\/td>\n<\/tr>\n<\/tbody>\n<\/table>\n<p>[\/et_pb_blurb][\/et_pb_column][\/et_pb_row][et_pb_row use_custom_gutter=\u00bbon\u00bb gutter_width=\u00bb1&#8243; make_equal=\u00bbon\u00bb _builder_version=\u00bb4.27.4&#8243; _module_preset=\u00bb_initial\u00bb position_origin_r=\u00bbbottom_left\u00bb z_index=\u00bb0&#8243; width=\u00bb100%\u00bb max_width=\u00bb80%\u00bb global_colors_info=\u00bb{}\u00bb][et_pb_column type=\u00bb4_4&#8243; _builder_version=\u00bb4.25.2&#8243; _module_preset=\u00bb_initial\u00bb global_colors_info=\u00bb{}\u00bb][et_pb_text content_last_edited=\u00bboff|phone\u00bb _builder_version=\u00bb4.27.4&#8243; _module_preset=\u00bbdefault\u00bb text_font=\u00bb&#8211;et_global_body_font||||||||\u00bb text_text_color=\u00bb#000000&#8243; text_font_size=\u00bb40px\u00bb header_font=\u00bb&#8211;et_global_heading_font|900|||||||\u00bb header_text_color=\u00bb#000000&#8243; header_line_height=\u00bb1.3em\u00bb header_3_font=\u00bb&#8211;et_global_heading_font|900|||||||\u00bb header_3_text_color=\u00bb#000000&#8243; header_3_line_height=\u00bb1.3em\u00bb background_enable_color=\u00bboff\u00bb text_orientation=\u00bbcenter\u00bb width=\u00bb100%\u00bb max_width=\u00bb90%\u00bb module_alignment=\u00bbcenter\u00bb custom_padding=\u00bb||||false|false\u00bb custom_padding_last_edited=\u00bboff|desktop\u00bb text_font_size_tablet=\u00bb30px\u00bb text_font_size_phone=\u00bb18px\u00bb text_font_size_last_edited=\u00bbon|phone\u00bb locked=\u00bboff\u00bb global_colors_info=\u00bb{}\u00bb]<\/p>\n<h3>Certificaciones y Garant\u00edas<\/h3>\n<p>[\/et_pb_text][et_pb_map address=\u00bbC. Huelva, 30, 14400 Pozoblanco, C\u00f3rdoba, Espa\u00f1a\u00bb address_lat=\u00bb38.3774889&#8243; address_lng=\u00bb-4.856202&#8243; mouse_wheel=\u00bboff\u00bb _builder_version=\u00bb4.27.4&#8243; _module_preset=\u00bbdefault\u00bb position_origin_r=\u00bbbottom_left\u00bb z_index=\u00bb-500&#8243; height=\u00bb600px\u00bb filter_saturate=\u00bb0%\u00bb global_colors_info=\u00bb{}\u00bb][et_pb_map_pin pin_address=\u00bbC. Huelva, 30, 14400 Pozoblanco, C\u00f3rdoba, Espa\u00f1a\u00bb pin_address_lat=\u00bb38.3774889&#8243; pin_address_lng=\u00bb-4.856202&#8243; _builder_version=\u00bb4.27.4&#8243; _module_preset=\u00bbdefault\u00bb global_colors_info=\u00bb{}\u00bb][\/et_pb_map_pin][\/et_pb_map][\/et_pb_column][\/et_pb_row][\/et_pb_section]<\/p>\n","protected":false},"excerpt":{"rendered":"<p>Contacto para Instalaciones El\u00e9ctricasAtenderemos tus servicios en Instalaciones El\u00e9ctricas Oficina INREVALLE, S.L., C. Huelva, 30, 14400 Pozoblanco, C\u00f3rdoba Contacto 667 72 66 52 Correo inrevalle@inrevalle.es Horario lunes 16:30\u201319:00 martes 16:30\u201319:00 mi\u00e9rcoles 16:30\u201319:00 jueves 16:30\u201319:00 viernes 16:30\u201319:00 Certificaciones y Garant\u00edas<\/p>\n","protected":false},"author":1,"featured_media":0,"parent":0,"menu_order":0,"comment_status":"closed","ping_status":"closed","template":"","meta":{"_et_pb_use_builder":"on","_et_pb_old_content":"","_et_gb_content_width":"","_joinchat":[],"footnotes":""},"class_list":["post-244664","page","type-page","status-publish","hentry"],"_links":{"self":[{"href":"https:\/\/web5.grupolanao.com\/index.php?rest_route=\/wp\/v2\/pages\/244664","targetHints":{"allow":["GET"]}}],"collection":[{"href":"https:\/\/web5.grupolanao.com\/index.php?rest_route=\/wp\/v2\/pages"}],"about":[{"href":"https:\/\/web5.grupolanao.com\/index.php?rest_route=\/wp\/v2\/types\/page"}],"author":[{"embeddable":true,"href":"https:\/\/web5.grupolanao.com\/index.php?rest_route=\/wp\/v2\/users\/1"}],"replies":[{"embeddable":true,"href":"https:\/\/web5.grupolanao.com\/index.php?rest_route=%2Fwp%2Fv2%2Fcomments&post=244664"}],"version-history":[{"count":14,"href":"https:\/\/web5.grupolanao.com\/index.php?rest_route=\/wp\/v2\/pages\/244664\/revisions"}],"predecessor-version":[{"id":244911,"href":"https:\/\/web5.grupolanao.com\/index.php?rest_route=\/wp\/v2\/pages\/244664\/revisions\/244911"}],"wp:attachment":[{"href":"https:\/\/web5.grupolanao.com\/index.php?rest_route=%2Fwp%2Fv2%2Fmedia&parent=244664"}],"curies":[{"name":"wp","href":"https:\/\/api.w.org\/{rel}","templated":true}]}}